{"id":54,"date":"2023-03-05T19:44:19","date_gmt":"2023-03-05T19:44:19","guid":{"rendered":"https:\/\/dmg-randonnee.cv\/?page_id=54"},"modified":"2026-03-28T14:09:27","modified_gmt":"2026-03-28T14:09:27","slug":"cap-vert","status":"publish","type":"page","link":"https:\/\/dmg-randonnee.cv\/pt\/cap-vert\/","title":{"rendered":"Cabo Verde"},"content":{"rendered":"<div class=\"section-wrapper\" data-id=\"kXfION\"><section class=\"wp-block-gutenverse-section guten-element guten-section guten-kXfION layout-boxed align-stretch\"><div class=\"guten-container guten-column-gap-default\">\n<div class=\"wp-block-gutenverse-column guten-element guten-column guten-h6Mf0b\"><div class=\"guten-column-wrapper\" data-id=\"h6Mf0b\">\n<p style=\"font-size:22px\"><strong>Cabo Verde<\/strong> \u00e9 um arquip\u00e9lago de 10 ilhas vulc\u00e2nicas situado no Atl\u00e2ntico, ao largo da \u00c1frica Ocidental. A capital \u00e9 Praia, na ilha de Santiago, onde vive grande parte da popula\u00e7\u00e3o.<\/p>\n\n\n\n<p style=\"font-size:22px\"><strong>Hist\u00f3ria e cultura<\/strong><br>Descoberto pelos portugueses em 1460, o pa\u00eds tornou-se independente em 1975. A cultura cabo-verdiana resulta da fus\u00e3o de influ\u00eancias africanas e europeias, com destaque para a m\u00fasica, a gastronomia e a hospitalidade do povo.<\/p>\n\n\n\n<p style=\"font-size:22px\"><strong>Natureza e clima<\/strong><br>As ilhas apresentam paisagens vulc\u00e2nicas, montanhas e praias. O ponto mais alto \u00e9 o vulc\u00e3o , com 2.829 metros de altitude. O clima \u00e9 quente e seco durante todo o ano, com temperaturas m\u00e9dias entre 20 \u00b0C e 25 \u00b0C.<\/p>\n\n\n\n<p style=\"font-size:22px\"><strong>Biodiversidade<\/strong><br>Cabo Verde possui flora e fauna \u00fanicas, com muitas esp\u00e9cies end\u00e9micas, al\u00e9m de rica vida marinha, incluindo tartarugas, baleias e diversos peixes.<\/p>\n\n\n\n<p style=\"font-size:22px\"><strong>Economia<\/strong><br>A economia baseia-se sobretudo no turismo, nos servi\u00e7os e na pesca.<\/p>\n\n\n\n<p class=\"has-secondary-color has-text-color has-link-color wp-elements-7682c55961a643019ce18b63e5fafd09\" style=\"font-size:22px\"><em>Destino ideal para natureza, cultura e aventura no Atl\u00e2ntico.<\/em><\/p>\n\n\n\n<figure class=\"wp-block-gallery has-nested-images columns-default is-cropped wp-block-gallery-1 is-layout-flex wp-block-gallery-is-layout-flex\">\n<figure class=\"wp-block-image size-large\"><img decoding=\"async\" width=\"960\" height=\"540\" data-id=\"77\" src=\"https:\/\/dmg-randonnee.cv\/wp-content\/uploads\/2023\/03\/331000376_1432282000848858_360327666898369495_n.jpg\" alt=\"\" class=\"wp-image-77\" srcset=\"https:\/\/dmg-randonnee.cv\/wp-content\/uploads\/2023\/03\/331000376_1432282000848858_360327666898369495_n.jpg 960w, https:\/\/dmg-randonnee.cv\/wp-content\/uploads\/2023\/03\/331000376_1432282000848858_360327666898369495_n-300x169.jpg 300w, https:\/\/dmg-randonnee.cv\/wp-content\/uploads\/2023\/03\/331000376_1432282000848858_360327666898369495_n-768x432.jpg 768w, https:\/\/dmg-randonnee.cv\/wp-content\/uploads\/2023\/03\/331000376_1432282000848858_360327666898369495_n-18x10.jpg 18w\" sizes=\"(max-width: 960px) 100vw, 960px\" \/><\/figure>\n\n\n\n<figure class=\"wp-block-image size-large\"><img decoding=\"async\" width=\"960\" height=\"540\" data-id=\"76\" src=\"https:\/\/dmg-randonnee.cv\/wp-content\/uploads\/2023\/03\/330873745_923723881973141_8591507271850127528_n.jpg\" alt=\"\" class=\"wp-image-76\" srcset=\"https:\/\/dmg-randonnee.cv\/wp-content\/uploads\/2023\/03\/330873745_923723881973141_8591507271850127528_n.jpg 960w, https:\/\/dmg-randonnee.cv\/wp-content\/uploads\/2023\/03\/330873745_923723881973141_8591507271850127528_n-300x169.jpg 300w, https:\/\/dmg-randonnee.cv\/wp-content\/uploads\/2023\/03\/330873745_923723881973141_8591507271850127528_n-768x432.jpg 768w, https:\/\/dmg-randonnee.cv\/wp-content\/uploads\/2023\/03\/330873745_923723881973141_8591507271850127528_n-18x10.jpg 18w\" sizes=\"(max-width: 960px) 100vw, 960px\" \/><\/figure>\n\n\n\n<figure class=\"wp-block-image size-large\"><img decoding=\"async\" width=\"1024\" height=\"768\" data-id=\"44\" src=\"https:\/\/dmg-randonnee.cv\/wp-content\/uploads\/2023\/03\/326054847_1192926444677113_5933372196278291850_n-1024x768.jpg\" alt=\"\" class=\"wp-image-44\" srcset=\"https:\/\/dmg-randonnee.cv\/wp-content\/uploads\/2023\/03\/326054847_1192926444677113_5933372196278291850_n-1024x768.jpg 1024w, https:\/\/dmg-randonnee.cv\/wp-content\/uploads\/2023\/03\/326054847_1192926444677113_5933372196278291850_n-300x225.jpg 300w, https:\/\/dmg-randonnee.cv\/wp-content\/uploads\/2023\/03\/326054847_1192926444677113_5933372196278291850_n-768x576.jpg 768w, https:\/\/dmg-randonnee.cv\/wp-content\/uploads\/2023\/03\/326054847_1192926444677113_5933372196278291850_n-1536x1152.jpg 1536w, https:\/\/dmg-randonnee.cv\/wp-content\/uploads\/2023\/03\/326054847_1192926444677113_5933372196278291850_n-16x12.jpg 16w, https:\/\/dmg-randonnee.cv\/wp-content\/uploads\/2023\/03\/326054847_1192926444677113_5933372196278291850_n.jpg 2048w\" sizes=\"(max-width: 1024px) 100vw, 1024px\" \/><\/figure>\n\n\n\n<figure class=\"wp-block-image size-large\"><img decoding=\"async\" width=\"1024\" height=\"576\" data-id=\"45\" src=\"https:\/\/dmg-randonnee.cv\/wp-content\/uploads\/2023\/03\/330220138_893838415093529_4484597807067199204_n-1024x576.jpg\" alt=\"\" class=\"wp-image-45\" srcset=\"https:\/\/dmg-randonnee.cv\/wp-content\/uploads\/2023\/03\/330220138_893838415093529_4484597807067199204_n-1024x576.jpg 1024w, https:\/\/dmg-randonnee.cv\/wp-content\/uploads\/2023\/03\/330220138_893838415093529_4484597807067199204_n-300x169.jpg 300w, https:\/\/dmg-randonnee.cv\/wp-content\/uploads\/2023\/03\/330220138_893838415093529_4484597807067199204_n-768x432.jpg 768w, https:\/\/dmg-randonnee.cv\/wp-content\/uploads\/2023\/03\/330220138_893838415093529_4484597807067199204_n-1536x864.jpg 1536w, https:\/\/dmg-randonnee.cv\/wp-content\/uploads\/2023\/03\/330220138_893838415093529_4484597807067199204_n-18x10.jpg 18w, https:\/\/dmg-randonnee.cv\/wp-content\/uploads\/2023\/03\/330220138_893838415093529_4484597807067199204_n.jpg 2048w\" sizes=\"(max-width: 1024px) 100vw, 1024px\" \/><\/figure>\n\n\n\n<figure class=\"wp-block-image size-large\"><img decoding=\"async\" width=\"1024\" height=\"492\" data-id=\"42\" src=\"https:\/\/dmg-randonnee.cv\/wp-content\/uploads\/2023\/03\/330826523_1271738250074446_5797454289081747008_n-1024x492.jpg\" alt=\"\" class=\"wp-image-42\" srcset=\"https:\/\/dmg-randonnee.cv\/wp-content\/uploads\/2023\/03\/330826523_1271738250074446_5797454289081747008_n-1024x492.jpg 1024w, https:\/\/dmg-randonnee.cv\/wp-content\/uploads\/2023\/03\/330826523_1271738250074446_5797454289081747008_n-300x144.jpg 300w, https:\/\/dmg-randonnee.cv\/wp-content\/uploads\/2023\/03\/330826523_1271738250074446_5797454289081747008_n-768x369.jpg 768w, https:\/\/dmg-randonnee.cv\/wp-content\/uploads\/2023\/03\/330826523_1271738250074446_5797454289081747008_n-18x9.jpg 18w, https:\/\/dmg-randonnee.cv\/wp-content\/uploads\/2023\/03\/330826523_1271738250074446_5797454289081747008_n.jpg 1080w\" sizes=\"(max-width: 1024px) 100vw, 1024px\" \/><\/figure>\n\n\n\n<figure class=\"wp-block-image size-large\"><img decoding=\"async\" width=\"659\" height=\"1024\" data-id=\"41\" src=\"https:\/\/dmg-randonnee.cv\/wp-content\/uploads\/2023\/03\/326194392_593728292767649_5339412057023036987_n-659x1024.jpg\" alt=\"\" class=\"wp-image-41\" srcset=\"https:\/\/dmg-randonnee.cv\/wp-content\/uploads\/2023\/03\/326194392_593728292767649_5339412057023036987_n-659x1024.jpg 659w, https:\/\/dmg-randonnee.cv\/wp-content\/uploads\/2023\/03\/326194392_593728292767649_5339412057023036987_n-193x300.jpg 193w, https:\/\/dmg-randonnee.cv\/wp-content\/uploads\/2023\/03\/326194392_593728292767649_5339412057023036987_n-768x1193.jpg 768w, https:\/\/dmg-randonnee.cv\/wp-content\/uploads\/2023\/03\/326194392_593728292767649_5339412057023036987_n-8x12.jpg 8w, https:\/\/dmg-randonnee.cv\/wp-content\/uploads\/2023\/03\/326194392_593728292767649_5339412057023036987_n.jpg 908w\" sizes=\"(max-width: 659px) 100vw, 659px\" \/><\/figure>\n\n\n\n<figure class=\"wp-block-image size-large\"><img decoding=\"async\" width=\"1024\" height=\"576\" data-id=\"40\" src=\"https:\/\/dmg-randonnee.cv\/wp-content\/uploads\/2023\/03\/329072234_167790429374732_5259150884164172809_n-1024x576.jpg\" alt=\"\" class=\"wp-image-40\" srcset=\"https:\/\/dmg-randonnee.cv\/wp-content\/uploads\/2023\/03\/329072234_167790429374732_5259150884164172809_n-1024x576.jpg 1024w, https:\/\/dmg-randonnee.cv\/wp-content\/uploads\/2023\/03\/329072234_167790429374732_5259150884164172809_n-300x169.jpg 300w, https:\/\/dmg-randonnee.cv\/wp-content\/uploads\/2023\/03\/329072234_167790429374732_5259150884164172809_n-768x432.jpg 768w, https:\/\/dmg-randonnee.cv\/wp-content\/uploads\/2023\/03\/329072234_167790429374732_5259150884164172809_n-1536x864.jpg 1536w, https:\/\/dmg-randonnee.cv\/wp-content\/uploads\/2023\/03\/329072234_167790429374732_5259150884164172809_n-18x10.jpg 18w, https:\/\/dmg-randonnee.cv\/wp-content\/uploads\/2023\/03\/329072234_167790429374732_5259150884164172809_n.jpg 2048w\" sizes=\"(max-width: 1024px) 100vw, 1024px\" \/><\/figure>\n\n\n\n<figure class=\"wp-block-image size-large\"><img decoding=\"async\" width=\"960\" height=\"540\" data-id=\"39\" src=\"https:\/\/dmg-randonnee.cv\/wp-content\/uploads\/2023\/03\/321503487_3365963050330466_7200041211871771640_n.jpg\" alt=\"\" class=\"wp-image-39\" srcset=\"https:\/\/dmg-randonnee.cv\/wp-content\/uploads\/2023\/03\/321503487_3365963050330466_7200041211871771640_n.jpg 960w, https:\/\/dmg-randonnee.cv\/wp-content\/uploads\/2023\/03\/321503487_3365963050330466_7200041211871771640_n-300x169.jpg 300w, https:\/\/dmg-randonnee.cv\/wp-content\/uploads\/2023\/03\/321503487_3365963050330466_7200041211871771640_n-768x432.jpg 768w, https:\/\/dmg-randonnee.cv\/wp-content\/uploads\/2023\/03\/321503487_3365963050330466_7200041211871771640_n-18x10.jpg 18w\" sizes=\"(max-width: 960px) 100vw, 960px\" \/><\/figure>\n\n\n\n<figure class=\"wp-block-image size-large\"><img decoding=\"async\" width=\"1024\" height=\"768\" data-id=\"38\" src=\"https:\/\/dmg-randonnee.cv\/wp-content\/uploads\/2023\/03\/326251695_711925760465921_1301078814416426931_n-1-1024x768.jpg\" alt=\"\" class=\"wp-image-38\" srcset=\"https:\/\/dmg-randonnee.cv\/wp-content\/uploads\/2023\/03\/326251695_711925760465921_1301078814416426931_n-1-1024x768.jpg 1024w, https:\/\/dmg-randonnee.cv\/wp-content\/uploads\/2023\/03\/326251695_711925760465921_1301078814416426931_n-1-300x225.jpg 300w, https:\/\/dmg-randonnee.cv\/wp-content\/uploads\/2023\/03\/326251695_711925760465921_1301078814416426931_n-1-768x576.jpg 768w, https:\/\/dmg-randonnee.cv\/wp-content\/uploads\/2023\/03\/326251695_711925760465921_1301078814416426931_n-1-1536x1152.jpg 1536w, https:\/\/dmg-randonnee.cv\/wp-content\/uploads\/2023\/03\/326251695_711925760465921_1301078814416426931_n-1-16x12.jpg 16w, https:\/\/dmg-randonnee.cv\/wp-content\/uploads\/2023\/03\/326251695_711925760465921_1301078814416426931_n-1.jpg 2048w\" sizes=\"(max-width: 1024px) 100vw, 1024px\" \/><\/figure>\n\n\n\n<figure class=\"wp-block-image size-large\"><img decoding=\"async\" width=\"1024\" height=\"768\" data-id=\"37\" src=\"https:\/\/dmg-randonnee.cv\/wp-content\/uploads\/2023\/03\/326222685_1263913921006482_6664357408804360566_n-1024x768.jpg\" alt=\"\" class=\"wp-image-37\" srcset=\"https:\/\/dmg-randonnee.cv\/wp-content\/uploads\/2023\/03\/326222685_1263913921006482_6664357408804360566_n-1024x768.jpg 1024w, https:\/\/dmg-randonnee.cv\/wp-content\/uploads\/2023\/03\/326222685_1263913921006482_6664357408804360566_n-300x225.jpg 300w, https:\/\/dmg-randonnee.cv\/wp-content\/uploads\/2023\/03\/326222685_1263913921006482_6664357408804360566_n-768x576.jpg 768w, https:\/\/dmg-randonnee.cv\/wp-content\/uploads\/2023\/03\/326222685_1263913921006482_6664357408804360566_n-1536x1152.jpg 1536w, https:\/\/dmg-randonnee.cv\/wp-content\/uploads\/2023\/03\/326222685_1263913921006482_6664357408804360566_n-16x12.jpg 16w, https:\/\/dmg-randonnee.cv\/wp-content\/uploads\/2023\/03\/326222685_1263913921006482_6664357408804360566_n.jpg 2048w\" sizes=\"(max-width: 1024px) 100vw, 1024px\" \/><\/figure>\n\n\n\n<figure class=\"wp-block-image size-large\"><img decoding=\"async\" width=\"1024\" height=\"768\" data-id=\"36\" src=\"https:\/\/dmg-randonnee.cv\/wp-content\/uploads\/2023\/03\/326251695_711925760465921_1301078814416426931_n-1024x768.jpg\" alt=\"\" class=\"wp-image-36\" srcset=\"https:\/\/dmg-randonnee.cv\/wp-content\/uploads\/2023\/03\/326251695_711925760465921_1301078814416426931_n-1024x768.jpg 1024w, https:\/\/dmg-randonnee.cv\/wp-content\/uploads\/2023\/03\/326251695_711925760465921_1301078814416426931_n-300x225.jpg 300w, https:\/\/dmg-randonnee.cv\/wp-content\/uploads\/2023\/03\/326251695_711925760465921_1301078814416426931_n-768x576.jpg 768w, https:\/\/dmg-randonnee.cv\/wp-content\/uploads\/2023\/03\/326251695_711925760465921_1301078814416426931_n-1536x1152.jpg 1536w, https:\/\/dmg-randonnee.cv\/wp-content\/uploads\/2023\/03\/326251695_711925760465921_1301078814416426931_n-16x12.jpg 16w, https:\/\/dmg-randonnee.cv\/wp-content\/uploads\/2023\/03\/326251695_711925760465921_1301078814416426931_n.jpg 2048w\" sizes=\"(max-width: 1024px) 100vw, 1024px\" \/><\/figure>\n\n\n\n<figure class=\"wp-block-image size-large\"><img decoding=\"async\" width=\"1024\" height=\"768\" data-id=\"35\" src=\"https:\/\/dmg-randonnee.cv\/wp-content\/uploads\/2023\/03\/326054242_699537315175645_8359184352676539584_n-1024x768.jpg\" alt=\"\" class=\"wp-image-35\" srcset=\"https:\/\/dmg-randonnee.cv\/wp-content\/uploads\/2023\/03\/326054242_699537315175645_8359184352676539584_n-1024x768.jpg 1024w, https:\/\/dmg-randonnee.cv\/wp-content\/uploads\/2023\/03\/326054242_699537315175645_8359184352676539584_n-300x225.jpg 300w, https:\/\/dmg-randonnee.cv\/wp-content\/uploads\/2023\/03\/326054242_699537315175645_8359184352676539584_n-768x576.jpg 768w, https:\/\/dmg-randonnee.cv\/wp-content\/uploads\/2023\/03\/326054242_699537315175645_8359184352676539584_n-1536x1152.jpg 1536w, https:\/\/dmg-randonnee.cv\/wp-content\/uploads\/2023\/03\/326054242_699537315175645_8359184352676539584_n-16x12.jpg 16w, https:\/\/dmg-randonnee.cv\/wp-content\/uploads\/2023\/03\/326054242_699537315175645_8359184352676539584_n.jpg 2048w\" sizes=\"(max-width: 1024px) 100vw, 1024px\" \/><\/figure>\n\n\n\n<figure class=\"wp-block-image size-large\"><img decoding=\"async\" width=\"1024\" height=\"461\" data-id=\"34\" src=\"https:\/\/dmg-randonnee.cv\/wp-content\/uploads\/2023\/03\/325427604_906019650812918_7753135340463171237_n-1024x461.jpg\" alt=\"\" class=\"wp-image-34\" srcset=\"https:\/\/dmg-randonnee.cv\/wp-content\/uploads\/2023\/03\/325427604_906019650812918_7753135340463171237_n-1024x461.jpg 1024w, https:\/\/dmg-randonnee.cv\/wp-content\/uploads\/2023\/03\/325427604_906019650812918_7753135340463171237_n-300x135.jpg 300w, https:\/\/dmg-randonnee.cv\/wp-content\/uploads\/2023\/03\/325427604_906019650812918_7753135340463171237_n-768x346.jpg 768w, https:\/\/dmg-randonnee.cv\/wp-content\/uploads\/2023\/03\/325427604_906019650812918_7753135340463171237_n-1536x691.jpg 1536w, https:\/\/dmg-randonnee.cv\/wp-content\/uploads\/2023\/03\/325427604_906019650812918_7753135340463171237_n-18x8.jpg 18w, https:\/\/dmg-randonnee.cv\/wp-content\/uploads\/2023\/03\/325427604_906019650812918_7753135340463171237_n.jpg 1600w\" sizes=\"(max-width: 1024px) 100vw, 1024px\" \/><\/figure>\n\n\n\n<figure class=\"wp-block-image size-large\"><img decoding=\"async\" width=\"1024\" height=\"768\" data-id=\"33\" src=\"https:\/\/dmg-randonnee.cv\/wp-content\/uploads\/2023\/03\/325829365_736920921103527_1180442747008246315_n-1024x768.jpg\" alt=\"\" class=\"wp-image-33\" srcset=\"https:\/\/dmg-randonnee.cv\/wp-content\/uploads\/2023\/03\/325829365_736920921103527_1180442747008246315_n-1024x768.jpg 1024w, https:\/\/dmg-randonnee.cv\/wp-content\/uploads\/2023\/03\/325829365_736920921103527_1180442747008246315_n-300x225.jpg 300w, https:\/\/dmg-randonnee.cv\/wp-content\/uploads\/2023\/03\/325829365_736920921103527_1180442747008246315_n-768x576.jpg 768w, https:\/\/dmg-randonnee.cv\/wp-content\/uploads\/2023\/03\/325829365_736920921103527_1180442747008246315_n-1536x1153.jpg 1536w, https:\/\/dmg-randonnee.cv\/wp-content\/uploads\/2023\/03\/325829365_736920921103527_1180442747008246315_n-16x12.jpg 16w, https:\/\/dmg-randonnee.cv\/wp-content\/uploads\/2023\/03\/325829365_736920921103527_1180442747008246315_n.jpg 1599w\" sizes=\"(max-width: 1024px) 100vw, 1024px\" \/><\/figure>\n\n\n\n<figure class=\"wp-block-image size-large\"><img decoding=\"async\" width=\"1024\" height=\"496\" data-id=\"20\" src=\"https:\/\/dmg-randonnee.cv\/wp-content\/uploads\/2023\/03\/326151725_1528969744266690_2152467819645449415_n-1024x496.jpg\" alt=\"\" class=\"wp-image-20\" srcset=\"https:\/\/dmg-randonnee.cv\/wp-content\/uploads\/2023\/03\/326151725_1528969744266690_2152467819645449415_n-1024x496.jpg 1024w, https:\/\/dmg-randonnee.cv\/wp-content\/uploads\/2023\/03\/326151725_1528969744266690_2152467819645449415_n-300x145.jpg 300w, https:\/\/dmg-randonnee.cv\/wp-content\/uploads\/2023\/03\/326151725_1528969744266690_2152467819645449415_n-768x372.jpg 768w, https:\/\/dmg-randonnee.cv\/wp-content\/uploads\/2023\/03\/326151725_1528969744266690_2152467819645449415_n-1536x743.jpg 1536w, https:\/\/dmg-randonnee.cv\/wp-content\/uploads\/2023\/03\/326151725_1528969744266690_2152467819645449415_n.jpg 2048w\" sizes=\"(max-width: 1024px) 100vw, 1024px\" \/><\/figure>\n<\/figure>\n\n\n\n<p><\/p>\n<\/div><\/div>\n<\/div><\/section><\/div>","protected":false},"excerpt":{"rendered":"","protected":false},"author":1,"featured_media":0,"parent":0,"menu_order":0,"comment_status":"closed","ping_status":"closed","template":"","meta":{"footnotes":""},"class_list":["post-54","page","type-page","status-publish","hentry"],"_links":{"self":[{"href":"https:\/\/dmg-randonnee.cv\/pt\/wp-json\/wp\/v2\/pages\/54","targetHints":{"allow":["GET"]}}],"collection":[{"href":"https:\/\/dmg-randonnee.cv\/pt\/wp-json\/wp\/v2\/pages"}],"about":[{"href":"https:\/\/dmg-randonnee.cv\/pt\/wp-json\/wp\/v2\/types\/page"}],"author":[{"embeddable":true,"href":"https:\/\/dmg-randonnee.cv\/pt\/wp-json\/wp\/v2\/users\/1"}],"replies":[{"embeddable":true,"href":"https:\/\/dmg-randonnee.cv\/pt\/wp-json\/wp\/v2\/comments?post=54"}],"version-history":[{"count":5,"href":"https:\/\/dmg-randonnee.cv\/pt\/wp-json\/wp\/v2\/pages\/54\/revisions"}],"predecessor-version":[{"id":129,"href":"https:\/\/dmg-randonnee.cv\/pt\/wp-json\/wp\/v2\/pages\/54\/revisions\/129"}],"wp:attachment":[{"href":"https:\/\/dmg-randonnee.cv\/pt\/wp-json\/wp\/v2\/media?parent=54"}],"curies":[{"name":"wp","href":"https:\/\/api.w.org\/{rel}","templated":true}]}}